{"id":2,"date":"2017-07-19T08:43:37","date_gmt":"2017-07-19T06:43:37","guid":{"rendered":"http:\/\/hoferkuechenmaschine-hup.lake-style.de\/hofer\/?page_id=2"},"modified":"2020-08-12T08:39:11","modified_gmt":"2020-08-12T06:39:11","slug":"beispiel-seite","status":"publish","type":"page","link":"https:\/\/hofer.kuechenmaschine-hup.de\/hofer","title":{"rendered":"Home"},"content":{"rendered":"<section class=\"wpb-content-wrapper\">\n\t\t<section  class=\"content-section    pt-30-xs pb-30-xs pt-40-md pb-40-md  no-margin  \" >\n\n\t\t\t<div class=\"row   \">\n\n\t\t\t\t[vc_column][vc_column_text]\n<h2 class=\"ls-no-margin-bottom fw-semibold\">K\u00fcchenmaschine mit WLAN-Funktion<\/h2>\n<h3>Ger\u00e4t per App \u00fcber Smartphone\/Tablet bedienbar \u2013 App mit 200 Rezepten<\/h3>\n[\/vc_column_text][\/vc_column]\n\t\t\t<\/div>\n\n\t\t\t\n\t\t\t\n\t\t\t\n\t\t\t\n\t\t<\/section>\n\n\t\n\t\t<section  class=\"content-section      no-margin  \" >\n\n\t\t\t<div class=\"row   \">\n\n\t\t\t\t[vc_column][ls_vc_slider_image vc_images=&#8221;1166,1167,1165,1164,1163&#8243;][\/vc_column]\n\t\t\t<\/div>\n\n\t\t\t\n\t\t\t\n\t\t\t\n\t\t\t\n\t\t<\/section>\n\n\t\n\t\t<section  class=\"content-section    pt-40-xs pt-50-md pt-70-lg  no-margin  \" >\n\n\t\t\t<div class=\"row   \">\n\n\t\t\t\t[vc_column vc_align_elements=&#8221;ls-text-center-xs&#8221; offset=&#8221;vc_col-md-offset-2 vc_col-md-8&#8243;][vc_column_text]<strong>Hier App f\u00fcr iOS- oder Android-Ger\u00e4te downloaden:<\/strong>[\/vc_column_text][vc_row_inner][vc_column_inner width=&#8221;1\/2&#8243; vc_align_elements=&#8221;ls-text-center-xs&#8221;][vc_column_text]<a href=\"https:\/\/play.google.com\/store\/apps\/details?id=com.hup.km2017wi\" rel=\"external\"><img loading=\"lazy\" width=\"300\" height=\"89\" class=\"alignnone size-medium wp-image-1176\" src=\"http:\/\/hofer.kuechenmaschine-hup.de\/hofer\/wp-content\/uploads\/2017\/07\/de-google-play-badge-300x89.png\" alt=\"\" \/><\/a>[\/vc_column_text][\/vc_column_inner][vc_column_inner width=&#8221;1\/2&#8243; vc_align_elements=&#8221;ls-text-center-xs&#8221;][vc_column_text]<a href=\"https:\/\/itunes.apple.com\/de\/app\/k\u00fcchenmaschine-mit-kochfunktion-km2017wi\/id1240268395?mt=8\" rel=\"external\"><img loading=\"lazy\" width=\"300\" height=\"89\" class=\"alignnone size-medium wp-image-1175\" src=\"http:\/\/hofer.kuechenmaschine-hup.de\/hofer\/wp-content\/uploads\/2017\/07\/app_store_logo-300x89.png\" alt=\"\" \/><\/a>[\/vc_column_text][\/vc_column_inner][\/vc_row_inner][vc_column_text]<a href=\"https:\/\/www.kuechenmaschine-hup.de\/app-informationen.html\" target=\"_blank\" rel=\"noopener noreferrer\">App-Informationen<\/a><\/p>\n<p><a href=\"https:\/\/www.kuechenmaschine-hup.de\/datenschutzerklaerungen-app.html\" target=\"_blank\" rel=\"noopener noreferrer\">Datenschutzerkl\u00e4rungen-App<\/a>[\/vc_column_text][\/vc_column]\n\t\t\t<\/div>\n\n\t\t\t\n\t\t\t\n\t\t\t\n\t\t\t\n\t\t<\/section>\n\n\t\n\t\t<section  id=\"video\" class=\"content-section    pt-40-xs pb-40-xs pt-50-md pb-50-md pt-70-lg pb-70-lg  no-margin  \" >\n\n\t\t\t<div class=\"row   \">\n\n\t\t\t\t[vc_column][ls_vc_seperator_anchor vc_title=&#8221;Produktvideo jetzt ansehen&#8221;][ls_vc_spacer vc_height=&#8221;0&#8243;][ls_vc_html5video vc_file_videoposter=&#8221;1371&#8243; vc_file_mp4=&#8221;1373&#8243; vc_file_webm=&#8221;1375&#8243; vc_html5video_controls=&#8221;yes&#8221;][\/vc_column]\n\t\t\t<\/div>\n\n\t\t\t\n\t\t\t\n\t\t\t\n\t\t\t\n\t\t<\/section>\n\n\t\n\t\t<section  id=\"infos\" class=\"content-section    pb-40-xs pb-50-md pb-70-lg  no-margin  \" >\n\n\t\t\t<div class=\"row   \">\n\n\t\t\t\t[vc_column][ls_vc_seperator_anchor vc_title=&#8221;Mehr Infos&#8221;][ls_vc_spacer vc_height=&#8221;0&#8243;]\n\t\t<div class=\"ls-vc-accordion wpb_content_element\">\n\n\t       \t<div class=\"accordion-container js-accordion-container\" id=\"mehrinfos\">\n\n\t       \t\t<h4>Leistungsmerkmale<\/h4><div class=\"entry-content\">\n<ul>\n<li>Kochfunktion<\/li>\n<li>Edelstahl-Mixbeh\u00e4lter<\/li>\n<li>Dampfgaraufsatz<\/li>\n<li>Integrierte K\u00fcchenwaage<\/li>\n<li>Vorinstallierte Programme<\/li>\n<li>Rezeptbuch<\/li>\n<li>DVD<\/li>\n<li>App mit 200 Rezepten \u2013 Ger\u00e4t auch per Smartphone\/Tablet bedienbar<\/li>\n<li>Edelstahl-Mixbeh\u00e4lter &#8211; \u201eeasy to clean\u201c (ab Modell Herbst 2020 handsp\u00fclgeeignet)<\/li>\n<\/ul>\n<\/div><h4>Technische Eigenschaften<\/h4><div class=\"entry-content\">\n<ul>\n<li>Leistungsstarke 1200 Watt<\/li>\n<li>Motor: ca. 800 Watt<\/li>\n<li>Doppelte Sicherheitsverriegelung, dadurch kann das Ger\u00e4t nur bei korrekt aufgesetztem Beh\u00e4lter und Deckel in Betrieb genommen werden<\/li>\n<li>Mixbeh\u00e4lter mit einer Kapazit\u00e4t von ca. 2,2 Liter und leicht entnehmbarem Klingeneinsatz (f\u00fcr einfache Reinigung)<\/li>\n<li>Funktionen:\n<ul>\n<li>WLAN-Funktion &gt; Ger\u00e4t per App \u00fcber Smartphone\/Tablet bedienbar\n<ul>\n<li>App mit 200 Rezepten<\/li>\n<li>F\u00fcr die hinterlegten Rezepte sind alle n\u00f6tigen Einstellungen vorprogrammiert.<\/li>\n<li>Die Zubereitungsabfolge kann Schritt f\u00fcr Schritt \u00fcber das Mobilger\u00e4t abgearbeitet werden.<\/li>\n<li>Die Eingabe individueller Einstellungen, als auch das Erstellen eigener Rezepte ist ebenso \u00fcber die App m\u00f6glich.<\/li>\n<\/ul>\n<\/li>\n<li>11 Geschwindigkeitsstufen im Rechtslauf inkl. R\u00fchrstufe f\u00fcr schonende Zubereitung<\/li>\n<li>Linkslauf: 3 Geschwindigkeitsstufen f\u00fcr noch individuellere Zubereitungsm\u00f6glichkeiten (z.B. R\u00fchren, Kneten, etc.)<\/li>\n<li>Turbofunktion<\/li>\n<li>Zuschaltbare Heizfunktion (ca. 30\u00b0C bis ca. 120\u00b0C)<\/li>\n<li>Inkl. vorinstallierte Programme f\u00fcr Dampfgaren, Marmelade, Kneten und Suppe<\/li>\n<\/ul>\n<\/li>\n<li>Zeitregler (1 Sekunde bis 99 Minuten)<\/li>\n<li>Integrierte K\u00fcchenwaage mit einem Wiegebereich von 1 Gramm bis 5.000 Gramm<\/li>\n<li>Beleuchtetes Display zeigt Temperatur, Geschwindigkeit, Zeit, Gewicht u.v.m.<\/li>\n<\/ul>\n<\/div><h4>Anwendungsm\u00f6glichkeiten<\/h4><div class=\"entry-content\">\n<ul>\n<li>Ru\u0308hren\/Kneten \u2013 verschiedene Teige<\/li>\n<li>Mixen \u2013 Milchshakes, Dressings, Cocktails<\/li>\n<li>Kochen \u2013 Suppen, Saucen, Eint\u00f6pfe, Marmelade<\/li>\n<li>Dampfgaren \u2013 Gemu\u0308se, Fisch<\/li>\n<li>Emulgieren \u2013 Mayonnaise, Cr\u00e8mes, Sauce Hollandaise<\/li>\n<li>Hacken \u2013 Kr\u00e4uter, Nu\u0308sse, Pestos<\/li>\n<li>Pu\u0308rieren \u2013 Gemu\u0308se, Fleisch, Babynahrung<\/li>\n<li>Schlagen \u2013 Sahne, Eischnee<\/li>\n<li>Wiegen \u2013 direkt am Ger\u00e4t<\/li>\n<\/ul>\n<p>und fu\u0308r vieles mehr!<\/div>\n\t       \t<\/div><!-- end \/.accordion-container -->\n\n\t\t<\/div><!-- end \/.ls-vc-accordion -->\n\n\t   \t[\/vc_column]\n\t\t\t<\/div>\n\n\t\t\t\n\t\t\t\n\t\t\t\n\t\t\t\n\t\t<\/section>\n\n\t\n\t\t<section  id=\"downloads\" class=\"content-section      no-margin  \" >\n\n\t\t\t<div class=\"row   \">\n\n\t\t\t\t[vc_column][ls_vc_seperator_anchor vc_title=&#8221;Downloads &amp; eBooks&#8221;][ls_vc_spacer vc_height=&#8221;0&#8243;]\n\t\t<div class=\"ls-vc-accordion wpb_content_element\">\n\n\t       \t<div class=\"accordion-container js-accordion-container\" >\n\n\t       \t\t<h4>Bedienungsanleitung K\u00fcchenmaschine<\/h4><div class=\"entry-content\">\n<ul>\n<li>ePaper <a class=\"popup-iframe\" href=\"http:\/\/hofer.kuechenmaschine-hup.de\/hofer\/2020\/at\/bedienungsanleitung\">ansehen<\/a><\/li>\n<li>PDF <a href=\"http:\/\/hofer.kuechenmaschine-hup.de\/hofer\/wp-content\/uploads\/2020\/08\/bedienungsanleitung.pdf\" target=\"_blank\" rel=\"noopener noreferrer\">ansehen<\/a><\/li>\n<\/ul>\n<\/div><h4>Rezeptbuch<\/h4><div class=\"entry-content\">\n<ul>\n<li>ePaper <a class=\"popup-iframe\" href=\"http:\/\/hofer.kuechenmaschine-hup.de\/hofer\/2020\/at\/rezeptbuch\">ansehen<\/a><\/li>\n<li>PDF <a href=\"http:\/\/hofer.kuechenmaschine-hup.de\/hofer\/wp-content\/uploads\/2020\/08\/rezeptbuch.pdf\" target=\"_blank\" rel=\"noopener noreferrer\">ansehen<\/a><\/li>\n<\/ul>\n<\/div><h4>Bedienungsanleitung App<\/h4><div class=\"entry-content\">\n<ul>\n<li>ePaper <a class=\"popup-iframe\" title=\"Bedienungsanleitung App\" href=\"http:\/\/hofer.kuechenmaschine-hup.de\/hofer\/2020\/at\/app-bedienungsanleitung\">ansehen<\/a><\/li>\n<li>PDF <a href=\"http:\/\/hofer.kuechenmaschine-hup.de\/hofer\/wp-content\/uploads\/2020\/08\/app-bedienungsanleitung.pdf\" target=\"_blank\" rel=\"noopener noreferrer\">ansehen<\/a><\/li>\n<\/ul>\n<\/div><h4>EU-Konformit\u00e4tserkl\u00e4rung<\/h4><div class=\"entry-content\">\n<ul>\n<li>PDF <a href=\"http:\/\/hofer.kuechenmaschine-hup.de\/hofer\/wp-content\/uploads\/2018\/09\/2018_03_05_KM-2017Wi_CE_KE_neu.pdf\" target=\"_blank\" rel=\"noopener noreferrer\">ansehen<\/a><\/li>\n<\/ul>\n<\/div>\n\t       \t<\/div><!-- end \/.accordion-container -->\n\n\t\t<\/div><!-- end \/.ls-vc-accordion -->\n\n\t   \t[\/vc_column]\n\t\t\t<\/div>\n\n\t\t\t\n\t\t\t\n\t\t\t\n\t\t\t\n\t\t<\/section>\n\n\t\n\t\t<section  class=\"content-section    pt-30-xs pb-30-xs pt-40-md pb-40-md  no-margin  \" >\n\n\t\t\t<div class=\"row   \">\n\n\t\t\t\t[vc_column][vc_column_text]\u201eGoogle, Google Play, Android<sup>TM<\/sup> und andere Marken sind Marken von Google Inc.\u201c[\/vc_column_text][\/vc_column]\n\t\t\t<\/div>\n\n\t\t\t\n\t\t\t\n\t\t\t\n\t\t\t\n\t\t<\/section>\n\n\t\n<\/section>","protected":false},"excerpt":{"rendered":"[vc_column][vc_column_text] K\u00fcchenmaschine mit WLAN-Funktion Ger\u00e4t per App \u00fcber Smartphone\/Tablet bedienbar \u2013 App mit 200 Rezepten [\/vc_column_text][\/vc_column] [vc_column][ls_vc_slider_image vc_images=\"1166,1167,1165,1164,1163\"][\/vc_column] [vc_column vc_align_elements=\"ls-text-center-xs\" offset=\"vc_col-md-offset-2 vc_col-md-8\"][vc_column_text]Hier App f\u00fcr iOS- oder Android-Ger\u00e4te downloaden:[\/vc_column_text][vc_row_inner][vc_column_inner width=\"1\/2\" vc_align_elements=\"ls-text-center-xs\"][vc_column_text][\/vc_column_text][\/vc_column_inner][vc_column_inner width=\"1\/2\" vc_align_elements=\"ls-text-center-xs\"][vc_column_text][\/vc_column_text][\/vc_column_inner][\/vc_row_inner][vc_column_text]App-Informationen Datenschutzerkl\u00e4rungen-App[\/vc_column_text][\/vc_column] [vc_column][ls_vc_seperator_anchor vc_title=\"Produktvideo jetzt ansehen\"][ls_vc_spacer vc_height=\"0\"][ls_vc_html5video vc_file_videoposter=\"1371\" vc_file_mp4=\"1373\" vc_file_webm=\"1375\" vc_html5video_controls=\"yes\"][\/vc_column] [vc_column][ls_vc_seperator_anchor vc_title=\"Mehr Infos\"][ls_vc_spacer vc_height=\"0\"] Leistungsmerkmale Kochfunktion Edelstahl-Mixbeh\u00e4lter Dampfgaraufsatz <a class=\"moretag\" href=\"https:\/\/hofer.kuechenmaschine-hup.de\/hofer\">weiterlesen...<\/a>","protected":false},"author":1,"featured_media":0,"parent":0,"menu_order":9,"comment_status":"closed","ping_status":"closed","template":"","meta":[],"acf":[],"yoast_head":"<!-- This site is optimized with the Yoast SEO plugin v19.9 - https:\/\/yoast.com\/wordpress\/plugins\/seo\/ -->\n<title>Home - Hofer<\/title>\n<meta name=\"robots\" content=\"index, follow, max-snippet:-1, max-image-preview:large, max-video-preview:-1\" \/>\n<link rel=\"canonical\" href=\"https:\/\/hofer.kuechenmaschine-hup.de\/hofer\" \/>\n<meta property=\"og:locale\" content=\"de_DE\" \/>\n<meta property=\"og:type\" content=\"article\" \/>\n<meta property=\"og:title\" content=\"Home - Hofer\" \/>\n<meta property=\"og:url\" content=\"https:\/\/hofer.kuechenmaschine-hup.de\/hofer\" \/>\n<meta property=\"og:site_name\" content=\"Hofer\" \/>\n<meta property=\"article:modified_time\" content=\"2020-08-12T06:39:11+00:00\" \/>\n<meta property=\"og:image\" content=\"http:\/\/hofer.kuechenmaschine-hup.de\/hofer\/wp-content\/uploads\/2017\/07\/de-google-play-badge-300x89.png\" \/>\n<meta name=\"twitter:card\" content=\"summary_large_image\" \/>\n<meta name=\"twitter:label1\" content=\"Gesch\u00e4tzte Lesezeit\" \/>\n\t<meta name=\"twitter:data1\" content=\"3\u00a0Minuten\" \/>\n<script type=\"application\/ld+json\" class=\"yoast-schema-graph\">{\"@context\":\"https:\/\/schema.org\",\"@graph\":[{\"@type\":\"WebPage\",\"@id\":\"https:\/\/hofer.kuechenmaschine-hup.de\/hofer\",\"url\":\"https:\/\/hofer.kuechenmaschine-hup.de\/hofer\",\"name\":\"Home - Hofer\",\"isPartOf\":{\"@id\":\"https:\/\/hofer.kuechenmaschine-hup.de\/hofer\/#website\"},\"datePublished\":\"2017-07-19T06:43:37+00:00\",\"dateModified\":\"2020-08-12T06:39:11+00:00\",\"breadcrumb\":{\"@id\":\"https:\/\/hofer.kuechenmaschine-hup.de\/hofer#breadcrumb\"},\"inLanguage\":\"de\",\"potentialAction\":[{\"@type\":\"ReadAction\",\"target\":[\"https:\/\/hofer.kuechenmaschine-hup.de\/hofer\"]}]},{\"@type\":\"BreadcrumbList\",\"@id\":\"https:\/\/hofer.kuechenmaschine-hup.de\/hofer#breadcrumb\",\"itemListElement\":[{\"@type\":\"ListItem\",\"position\":1,\"name\":\"Startseite\",\"item\":\"https:\/\/hofer.kuechenmaschine-hup.de\/hofer\"},{\"@type\":\"ListItem\",\"position\":2,\"name\":\"Home\"}]},{\"@type\":\"WebSite\",\"@id\":\"https:\/\/hofer.kuechenmaschine-hup.de\/hofer\/#website\",\"url\":\"https:\/\/hofer.kuechenmaschine-hup.de\/hofer\/\",\"name\":\"Hofer\",\"description\":\"\",\"potentialAction\":[{\"@type\":\"SearchAction\",\"target\":{\"@type\":\"EntryPoint\",\"urlTemplate\":\"https:\/\/hofer.kuechenmaschine-hup.de\/hofer\/?s={search_term_string}\"},\"query-input\":\"required name=search_term_string\"}],\"inLanguage\":\"de\"}]}<\/script>\n<!-- \/ Yoast SEO plugin. -->","yoast_head_json":{"title":"Home - Hofer","robots":{"index":"index","follow":"follow","max-snippet":"max-snippet:-1","max-image-preview":"max-image-preview:large","max-video-preview":"max-video-preview:-1"},"canonical":"https:\/\/hofer.kuechenmaschine-hup.de\/hofer","og_locale":"de_DE","og_type":"article","og_title":"Home - Hofer","og_url":"https:\/\/hofer.kuechenmaschine-hup.de\/hofer","og_site_name":"Hofer","article_modified_time":"2020-08-12T06:39:11+00:00","og_image":[{"url":"http:\/\/hofer.kuechenmaschine-hup.de\/hofer\/wp-content\/uploads\/2017\/07\/de-google-play-badge-300x89.png"}],"twitter_card":"summary_large_image","twitter_misc":{"Gesch\u00e4tzte Lesezeit":"3\u00a0Minuten"},"schema":{"@context":"https:\/\/schema.org","@graph":[{"@type":"WebPage","@id":"https:\/\/hofer.kuechenmaschine-hup.de\/hofer","url":"https:\/\/hofer.kuechenmaschine-hup.de\/hofer","name":"Home - Hofer","isPartOf":{"@id":"https:\/\/hofer.kuechenmaschine-hup.de\/hofer\/#website"},"datePublished":"2017-07-19T06:43:37+00:00","dateModified":"2020-08-12T06:39:11+00:00","breadcrumb":{"@id":"https:\/\/hofer.kuechenmaschine-hup.de\/hofer#breadcrumb"},"inLanguage":"de","potentialAction":[{"@type":"ReadAction","target":["https:\/\/hofer.kuechenmaschine-hup.de\/hofer"]}]},{"@type":"BreadcrumbList","@id":"https:\/\/hofer.kuechenmaschine-hup.de\/hofer#breadcrumb","itemListElement":[{"@type":"ListItem","position":1,"name":"Startseite","item":"https:\/\/hofer.kuechenmaschine-hup.de\/hofer"},{"@type":"ListItem","position":2,"name":"Home"}]},{"@type":"WebSite","@id":"https:\/\/hofer.kuechenmaschine-hup.de\/hofer\/#website","url":"https:\/\/hofer.kuechenmaschine-hup.de\/hofer\/","name":"Hofer","description":"","potentialAction":[{"@type":"SearchAction","target":{"@type":"EntryPoint","urlTemplate":"https:\/\/hofer.kuechenmaschine-hup.de\/hofer\/?s={search_term_string}"},"query-input":"required name=search_term_string"}],"inLanguage":"de"}]}},"_links":{"self":[{"href":"https:\/\/hofer.kuechenmaschine-hup.de\/hofer\/wp-json\/wp\/v2\/pages\/2"}],"collection":[{"href":"https:\/\/hofer.kuechenmaschine-hup.de\/hofer\/wp-json\/wp\/v2\/pages"}],"about":[{"href":"https:\/\/hofer.kuechenmaschine-hup.de\/hofer\/wp-json\/wp\/v2\/types\/page"}],"author":[{"embeddable":true,"href":"https:\/\/hofer.kuechenmaschine-hup.de\/hofer\/wp-json\/wp\/v2\/users\/1"}],"replies":[{"embeddable":true,"href":"https:\/\/hofer.kuechenmaschine-hup.de\/hofer\/wp-json\/wp\/v2\/comments?post=2"}],"version-history":[{"count":89,"href":"https:\/\/hofer.kuechenmaschine-hup.de\/hofer\/wp-json\/wp\/v2\/pages\/2\/revisions"}],"predecessor-version":[{"id":1385,"href":"https:\/\/hofer.kuechenmaschine-hup.de\/hofer\/wp-json\/wp\/v2\/pages\/2\/revisions\/1385"}],"wp:attachment":[{"href":"https:\/\/hofer.kuechenmaschine-hup.de\/hofer\/wp-json\/wp\/v2\/media?parent=2"}],"curies":[{"name":"wp","href":"https:\/\/api.w.org\/{rel}","templated":true}]}}