{"id":1235,"date":"2018-08-15T18:01:23","date_gmt":"2018-08-15T16:01:23","guid":{"rendered":"http:\/\/hoferkuechenmaschine-hup.lake-style.de\/hofer\/?page_id=1235"},"modified":"2018-09-27T11:31:00","modified_gmt":"2018-09-27T09:31:00","slug":"datenschutzhinweise","status":"publish","type":"page","link":"https:\/\/hofer.kuechenmaschine-hup.de\/hofer\/datenschutzhinweise","title":{"rendered":"Datenschutzhinweise"},"content":{"rendered":"\n\t\t<section  class=\"content-section    pt-30-xs pb-30-xs pt-40-md pb-40-md  no-margin  \" >\n\n\t\t\t<div class=\"row   \">\n\n\t\t\t\t[vc_column][vc_column_text]\n<h2>Datenschutzhinweise<\/h2>\n<p>Verantwortlich f\u00fcr den Datenschutz auf dieser Website ist die Hans-Ulrich Petermann Beratungs- und Vertriebs GmbH &amp; Co. KG, Schlagenhofener Weg 40, 82229 Seefeld, vertreten durch\u00a0den Gesch\u00e4ftsf\u00fchrer Herrn Phillip Petermann Telefon: +49 8152 9902-0, Telefax: +49 8152 9902-30, E-Mail: i&#110;&#102;&#x6f;&#x40;&#x68;up&#45;&#112;&#x65;&#x74;&#x65;r&#109;&#97;&#110;&#x6e;&#x2e;&#x64;e.<\/p>\n<p>Auf dieser Seite werden weder personenbezogenen Daten erhoben, bzw. verarbeitet, noch kommen Cookies zum Einsatz. Allerdings verarbeitet unser Webserver bei jedem Websiteaufruf eine Reihe von Daten, die Ihr Browser automatisch an unseren Webserver \u00fcbermittelt (Server-Protokolldaten oder Logfiles). Hierbei handelt es sich u. a. um die Ihrem Ger\u00e4t aktuell zugewiesene IP-Adresse, das Datum und die Uhrzeit der Anfrage, die Zeitzone, die konkret aufgerufene Seite oder Datei und die \u00fcbertragene Datenmenge. Diese Daten nutzt der Webserver, um die Inhalte dieser Webseite bestm\u00f6glich auf Ihrem Ger\u00e4t darzustellen und wird dar\u00fcber hinaus nur zu Zwecken der Systemsicherheit sowie zu administrativen Zwecken verwendet (Art. 6 Abs. 1 lit. f) DS-GVO). Die Verarbeitung ist weder gesetzlich noch vertraglich vorgeschrieben. Ohne die Erhebung dieser Daten ist der Aufruf unserer Website jedoch nicht oder nur eingeschr\u00e4nkt m\u00f6glich. Unsere Logfiles (inkl. Ihrer IP-Adresse) werden nur anonymisiert verarbeitet und automatisch nach sp\u00e4testens 30 Tagen gel\u00f6scht.<\/p>\n<p>Sie haben das Recht, von uns eine Best\u00e4tigung dar\u00fcber zu verlangen, ob wir personenbezogene Daten von Ihnen verarbeiten und das Recht auf Auskunft \u00fcber diese personenbezogenen Daten. Daneben haben Sie das Recht auf Berichtigung, L\u00f6schung und Einschr\u00e4nkung der Datenverarbeitung, sowie das Recht, jederzeit Widerspruch gegen die Verarbeitung der personenbezogenen Daten einzulegen, bzw. die Einwilligung zur Datenverarbeitung jederzeit zu widerrufen oder die Daten\u00fcbertragung zu fordern. Alle Informationsw\u00fcnsche, Auskunftsanfragen, Widerrufe oder Widerspr\u00fcche zur Datenverarbeitung richten Sie bitte per E-Mail an die im Impressum angegebenen Kontaktdaten. Dar\u00fcber hinaus haben Sie das Recht, sich im Falle von Datenschutzverletzungen bei einer Aufsichtsbeh\u00f6rde zu beschweren.[\/vc_column_text][\/vc_column]\n\t\t\t<\/div>\n\n\t\t\t\n\t\t\t\n\t\t\t\n\t\t\t\n\t\t<\/section>\n\n\t\n","protected":false},"excerpt":{"rendered":"[vc_column][vc_column_text] Datenschutzhinweise Verantwortlich f\u00fcr den Datenschutz auf dieser Website ist die Hans-Ulrich Petermann Beratungs- und Vertriebs GmbH &amp; Co. KG, Schlagenhofener Weg 40, 82229 Seefeld, vertreten durch\u00a0den Gesch\u00e4ftsf\u00fchrer Herrn Phillip Petermann Telefon: +49 8152 9902-0, Telefax: +49 8152 9902-30, E-Mail: &#x69;&#110;&#102;o&#x40;&#x68;&#117;p&#x2d;&#x70;&#101;te&#x72;&#109;&#97;n&#x6e;&#x2e;&#100;e. Auf dieser Seite werden weder personenbezogenen Daten erhoben, bzw. <a class=\"moretag\" href=\"https:\/\/hofer.kuechenmaschine-hup.de\/hofer\/datenschutzhinweise\">weiterlesen...<\/a>","protected":false},"author":1,"featured_media":0,"parent":0,"menu_order":15,"comment_status":"closed","ping_status":"closed","template":"","meta":[],"acf":[],"yoast_head":"<!-- This site is optimized with the Yoast SEO plugin v19.9 - https:\/\/yoast.com\/wordpress\/plugins\/seo\/ -->\n<title>Datenschutzhinweise - Hofer<\/title>\n<meta name=\"robots\" content=\"index, follow, max-snippet:-1, max-image-preview:large, max-video-preview:-1\" \/>\n<link rel=\"canonical\" href=\"https:\/\/hofer.kuechenmaschine-hup.de\/hofer\/datenschutzhinweise\" \/>\n<meta property=\"og:locale\" content=\"de_DE\" \/>\n<meta property=\"og:type\" content=\"article\" \/>\n<meta property=\"og:title\" content=\"Datenschutzhinweise - Hofer\" \/>\n<meta property=\"og:url\" content=\"https:\/\/hofer.kuechenmaschine-hup.de\/hofer\/datenschutzhinweise\" \/>\n<meta property=\"og:site_name\" content=\"Hofer\" \/>\n<meta property=\"article:modified_time\" content=\"2018-09-27T09:31:00+00:00\" \/>\n<meta name=\"twitter:card\" content=\"summary_large_image\" \/>\n<meta name=\"twitter:label1\" content=\"Gesch\u00e4tzte Lesezeit\" \/>\n\t<meta name=\"twitter:data1\" content=\"2\u00a0Minuten\" \/>\n<script type=\"application\/ld+json\" class=\"yoast-schema-graph\">{\"@context\":\"https:\/\/schema.org\",\"@graph\":[{\"@type\":\"WebPage\",\"@id\":\"https:\/\/hofer.kuechenmaschine-hup.de\/hofer\/datenschutzhinweise\",\"url\":\"https:\/\/hofer.kuechenmaschine-hup.de\/hofer\/datenschutzhinweise\",\"name\":\"Datenschutzhinweise - Hofer\",\"isPartOf\":{\"@id\":\"https:\/\/hofer.kuechenmaschine-hup.de\/hofer\/#website\"},\"datePublished\":\"2018-08-15T16:01:23+00:00\",\"dateModified\":\"2018-09-27T09:31:00+00:00\",\"breadcrumb\":{\"@id\":\"https:\/\/hofer.kuechenmaschine-hup.de\/hofer\/datenschutzhinweise#breadcrumb\"},\"inLanguage\":\"de\",\"potentialAction\":[{\"@type\":\"ReadAction\",\"target\":[\"https:\/\/hofer.kuechenmaschine-hup.de\/hofer\/datenschutzhinweise\"]}]},{\"@type\":\"BreadcrumbList\",\"@id\":\"https:\/\/hofer.kuechenmaschine-hup.de\/hofer\/datenschutzhinweise#breadcrumb\",\"itemListElement\":[{\"@type\":\"ListItem\",\"position\":1,\"name\":\"Startseite\",\"item\":\"https:\/\/hofer.kuechenmaschine-hup.de\/hofer\"},{\"@type\":\"ListItem\",\"position\":2,\"name\":\"Datenschutzhinweise\"}]},{\"@type\":\"WebSite\",\"@id\":\"https:\/\/hofer.kuechenmaschine-hup.de\/hofer\/#website\",\"url\":\"https:\/\/hofer.kuechenmaschine-hup.de\/hofer\/\",\"name\":\"Hofer\",\"description\":\"\",\"potentialAction\":[{\"@type\":\"SearchAction\",\"target\":{\"@type\":\"EntryPoint\",\"urlTemplate\":\"https:\/\/hofer.kuechenmaschine-hup.de\/hofer\/?s={search_term_string}\"},\"query-input\":\"required name=search_term_string\"}],\"inLanguage\":\"de\"}]}<\/script>\n<!-- \/ Yoast SEO plugin. -->","yoast_head_json":{"title":"Datenschutzhinweise - Hofer","robots":{"index":"index","follow":"follow","max-snippet":"max-snippet:-1","max-image-preview":"max-image-preview:large","max-video-preview":"max-video-preview:-1"},"canonical":"https:\/\/hofer.kuechenmaschine-hup.de\/hofer\/datenschutzhinweise","og_locale":"de_DE","og_type":"article","og_title":"Datenschutzhinweise - Hofer","og_url":"https:\/\/hofer.kuechenmaschine-hup.de\/hofer\/datenschutzhinweise","og_site_name":"Hofer","article_modified_time":"2018-09-27T09:31:00+00:00","twitter_card":"summary_large_image","twitter_misc":{"Gesch\u00e4tzte Lesezeit":"2\u00a0Minuten"},"schema":{"@context":"https:\/\/schema.org","@graph":[{"@type":"WebPage","@id":"https:\/\/hofer.kuechenmaschine-hup.de\/hofer\/datenschutzhinweise","url":"https:\/\/hofer.kuechenmaschine-hup.de\/hofer\/datenschutzhinweise","name":"Datenschutzhinweise - Hofer","isPartOf":{"@id":"https:\/\/hofer.kuechenmaschine-hup.de\/hofer\/#website"},"datePublished":"2018-08-15T16:01:23+00:00","dateModified":"2018-09-27T09:31:00+00:00","breadcrumb":{"@id":"https:\/\/hofer.kuechenmaschine-hup.de\/hofer\/datenschutzhinweise#breadcrumb"},"inLanguage":"de","potentialAction":[{"@type":"ReadAction","target":["https:\/\/hofer.kuechenmaschine-hup.de\/hofer\/datenschutzhinweise"]}]},{"@type":"BreadcrumbList","@id":"https:\/\/hofer.kuechenmaschine-hup.de\/hofer\/datenschutzhinweise#breadcrumb","itemListElement":[{"@type":"ListItem","position":1,"name":"Startseite","item":"https:\/\/hofer.kuechenmaschine-hup.de\/hofer"},{"@type":"ListItem","position":2,"name":"Datenschutzhinweise"}]},{"@type":"WebSite","@id":"https:\/\/hofer.kuechenmaschine-hup.de\/hofer\/#website","url":"https:\/\/hofer.kuechenmaschine-hup.de\/hofer\/","name":"Hofer","description":"","potentialAction":[{"@type":"SearchAction","target":{"@type":"EntryPoint","urlTemplate":"https:\/\/hofer.kuechenmaschine-hup.de\/hofer\/?s={search_term_string}"},"query-input":"required name=search_term_string"}],"inLanguage":"de"}]}},"_links":{"self":[{"href":"https:\/\/hofer.kuechenmaschine-hup.de\/hofer\/wp-json\/wp\/v2\/pages\/1235"}],"collection":[{"href":"https:\/\/hofer.kuechenmaschine-hup.de\/hofer\/wp-json\/wp\/v2\/pages"}],"about":[{"href":"https:\/\/hofer.kuechenmaschine-hup.de\/hofer\/wp-json\/wp\/v2\/types\/page"}],"author":[{"embeddable":true,"href":"https:\/\/hofer.kuechenmaschine-hup.de\/hofer\/wp-json\/wp\/v2\/users\/1"}],"replies":[{"embeddable":true,"href":"https:\/\/hofer.kuechenmaschine-hup.de\/hofer\/wp-json\/wp\/v2\/comments?post=1235"}],"version-history":[{"count":7,"href":"https:\/\/hofer.kuechenmaschine-hup.de\/hofer\/wp-json\/wp\/v2\/pages\/1235\/revisions"}],"predecessor-version":[{"id":1321,"href":"https:\/\/hofer.kuechenmaschine-hup.de\/hofer\/wp-json\/wp\/v2\/pages\/1235\/revisions\/1321"}],"wp:attachment":[{"href":"https:\/\/hofer.kuechenmaschine-hup.de\/hofer\/wp-json\/wp\/v2\/media?parent=1235"}],"curies":[{"name":"wp","href":"https:\/\/api.w.org\/{rel}","templated":true}]}}