{"id":1193,"date":"2017-08-29T15:36:54","date_gmt":"2017-08-29T13:36:54","guid":{"rendered":"http:\/\/hoferkuechenmaschine-hup.lake-style.de\/hofer\/?page_id=1193"},"modified":"2018-08-15T17:59:21","modified_gmt":"2018-08-15T15:59:21","slug":"impressum","status":"publish","type":"page","link":"https:\/\/hofer.kuechenmaschine-hup.de\/hofer\/impressum","title":{"rendered":"Impressum"},"content":{"rendered":"\n\t\t<section  class=\"content-section    pt-30-xs pb-30-xs pt-40-md pb-40-md  no-margin  \" >\n\n\t\t\t<div class=\"row   \">\n\n\t\t\t\t[vc_column][vc_column_text]\n<h2>Impressum<\/h2>\n<p><strong>Verantwortlich f\u00fcr den Inhalt der Website:<\/strong> Hans-Ulrich Petermann Beratungs- und Vertriebs GmbH &amp; Co. KG<\/p>\n<p><strong>Anschrift:<\/strong> Schlagenhofener Weg 40, 82229 Seefeld<\/p>\n<p><strong>Pers\u00f6nlich haftende Gesellschafter:<\/strong> Petermann Beteiligungs-GmbH, Prof. Dr. Wei\u00dfenbacher<\/p>\n<p><strong>Gesch\u00e4ftsf\u00fchrer:<\/strong> Herr Phillip Petermann<\/p>\n<p><strong>Registerangaben der Hans-Ulrich Petermann Beratungs- und Vertriebs GmbH &amp; Co. KG:<\/strong> Amtsgericht M\u00fcnchen, HRA 78943<\/p>\n<p><strong>Registerangaben der Petermann Beteiligungs-GmbH:<\/strong> Amtsgericht M\u00fcnchen, HRB 138158<\/p>\n<p><strong>Kontakt:<\/strong> Telefon: +49 8152 9902-0, Telefax: +49 8152 9902-30, E-Mail: i&#110;&#x66;&#x6f;&#64;&#104;&#117;&#x70;&#x2d;p&#101;&#116;&#x65;&#x72;m&#97;&#x6e;&#x6e;&#x2e;d&#101;<\/p>\n<p><strong>Inhaltlich verantwortlich gem\u00e4\u00df \u00a7 55 Rundfunkstaatsvertrag (RStV):<\/strong> Herr Phillip Petermann (Anschrift und Kontakt siehe oben)<\/p>\n<p><strong>USt.-ID:<\/strong> DE217796062<\/p>\n<p><strong>Plattform der Europ\u00e4ischen Kommission zur Online-Streitbeilegung:<\/strong> Die Internetplattform der Europ\u00e4ischen Kommission zur Online-Beilegung von Streitigkeiten zwischen Verbrauchern und Unternehmern (so genannte \u201eOS-Plattform\u201c) ist unter folgendem Link erreichbar: https:\/\/ec.europa.eu\/consumers\/odr.Verbraucher haben die M\u00f6glichkeit, diese Plattform f\u00fcr die Beilegung ihrer Streitigkeiten aus Online-Kaufvertr\u00e4gen oder Online-Dienstleistungsvertr\u00e4gen zu nutzen. Wir nehmen dar\u00fcber hinaus an keinen Verbraucherstreitbeilegungsverfahren teil und sind hierzu auch nicht verpflichtet.[\/vc_column_text][\/vc_column]\n\t\t\t<\/div>\n\n\t\t\t\n\t\t\t\n\t\t\t\n\t\t\t\n\t\t<\/section>\n\n\t\n","protected":false},"excerpt":{"rendered":"[vc_column][vc_column_text] Impressum Verantwortlich f\u00fcr den Inhalt der Website: Hans-Ulrich Petermann Beratungs- und Vertriebs GmbH &amp; Co. KG Anschrift: Schlagenhofener Weg 40, 82229 Seefeld Pers\u00f6nlich haftende Gesellschafter: Petermann Beteiligungs-GmbH, Prof. Dr. Wei\u00dfenbacher Gesch\u00e4ftsf\u00fchrer: Herr Phillip Petermann Registerangaben der Hans-Ulrich Petermann Beratungs- und Vertriebs GmbH &amp; Co. KG: Amtsgericht M\u00fcnchen, HRA 78943 <a class=\"moretag\" href=\"https:\/\/hofer.kuechenmaschine-hup.de\/hofer\/impressum\">weiterlesen...<\/a>","protected":false},"author":1,"featured_media":0,"parent":0,"menu_order":14,"comment_status":"closed","ping_status":"closed","template":"","meta":[],"acf":[],"yoast_head":"<!-- This site is optimized with the Yoast SEO plugin v19.9 - https:\/\/yoast.com\/wordpress\/plugins\/seo\/ -->\n<title>Impressum - Hofer<\/title>\n<meta name=\"robots\" content=\"index, follow, max-snippet:-1, max-image-preview:large, max-video-preview:-1\" \/>\n<link rel=\"canonical\" href=\"https:\/\/hofer.kuechenmaschine-hup.de\/hofer\/impressum\" \/>\n<meta property=\"og:locale\" content=\"de_DE\" \/>\n<meta property=\"og:type\" content=\"article\" \/>\n<meta property=\"og:title\" content=\"Impressum - Hofer\" \/>\n<meta property=\"og:url\" content=\"https:\/\/hofer.kuechenmaschine-hup.de\/hofer\/impressum\" \/>\n<meta property=\"og:site_name\" content=\"Hofer\" \/>\n<meta property=\"article:modified_time\" content=\"2018-08-15T15:59:21+00:00\" \/>\n<meta name=\"twitter:card\" content=\"summary_large_image\" \/>\n<meta name=\"twitter:label1\" content=\"Gesch\u00e4tzte Lesezeit\" \/>\n\t<meta name=\"twitter:data1\" content=\"1\u00a0Minute\" \/>\n<script type=\"application\/ld+json\" class=\"yoast-schema-graph\">{\"@context\":\"https:\/\/schema.org\",\"@graph\":[{\"@type\":\"WebPage\",\"@id\":\"https:\/\/hofer.kuechenmaschine-hup.de\/hofer\/impressum\",\"url\":\"https:\/\/hofer.kuechenmaschine-hup.de\/hofer\/impressum\",\"name\":\"Impressum - Hofer\",\"isPartOf\":{\"@id\":\"https:\/\/hofer.kuechenmaschine-hup.de\/hofer\/#website\"},\"datePublished\":\"2017-08-29T13:36:54+00:00\",\"dateModified\":\"2018-08-15T15:59:21+00:00\",\"breadcrumb\":{\"@id\":\"https:\/\/hofer.kuechenmaschine-hup.de\/hofer\/impressum#breadcrumb\"},\"inLanguage\":\"de\",\"potentialAction\":[{\"@type\":\"ReadAction\",\"target\":[\"https:\/\/hofer.kuechenmaschine-hup.de\/hofer\/impressum\"]}]},{\"@type\":\"BreadcrumbList\",\"@id\":\"https:\/\/hofer.kuechenmaschine-hup.de\/hofer\/impressum#breadcrumb\",\"itemListElement\":[{\"@type\":\"ListItem\",\"position\":1,\"name\":\"Startseite\",\"item\":\"https:\/\/hofer.kuechenmaschine-hup.de\/hofer\"},{\"@type\":\"ListItem\",\"position\":2,\"name\":\"Impressum\"}]},{\"@type\":\"WebSite\",\"@id\":\"https:\/\/hofer.kuechenmaschine-hup.de\/hofer\/#website\",\"url\":\"https:\/\/hofer.kuechenmaschine-hup.de\/hofer\/\",\"name\":\"Hofer\",\"description\":\"\",\"potentialAction\":[{\"@type\":\"SearchAction\",\"target\":{\"@type\":\"EntryPoint\",\"urlTemplate\":\"https:\/\/hofer.kuechenmaschine-hup.de\/hofer\/?s={search_term_string}\"},\"query-input\":\"required name=search_term_string\"}],\"inLanguage\":\"de\"}]}<\/script>\n<!-- \/ Yoast SEO plugin. -->","yoast_head_json":{"title":"Impressum - Hofer","robots":{"index":"index","follow":"follow","max-snippet":"max-snippet:-1","max-image-preview":"max-image-preview:large","max-video-preview":"max-video-preview:-1"},"canonical":"https:\/\/hofer.kuechenmaschine-hup.de\/hofer\/impressum","og_locale":"de_DE","og_type":"article","og_title":"Impressum - Hofer","og_url":"https:\/\/hofer.kuechenmaschine-hup.de\/hofer\/impressum","og_site_name":"Hofer","article_modified_time":"2018-08-15T15:59:21+00:00","twitter_card":"summary_large_image","twitter_misc":{"Gesch\u00e4tzte Lesezeit":"1\u00a0Minute"},"schema":{"@context":"https:\/\/schema.org","@graph":[{"@type":"WebPage","@id":"https:\/\/hofer.kuechenmaschine-hup.de\/hofer\/impressum","url":"https:\/\/hofer.kuechenmaschine-hup.de\/hofer\/impressum","name":"Impressum - Hofer","isPartOf":{"@id":"https:\/\/hofer.kuechenmaschine-hup.de\/hofer\/#website"},"datePublished":"2017-08-29T13:36:54+00:00","dateModified":"2018-08-15T15:59:21+00:00","breadcrumb":{"@id":"https:\/\/hofer.kuechenmaschine-hup.de\/hofer\/impressum#breadcrumb"},"inLanguage":"de","potentialAction":[{"@type":"ReadAction","target":["https:\/\/hofer.kuechenmaschine-hup.de\/hofer\/impressum"]}]},{"@type":"BreadcrumbList","@id":"https:\/\/hofer.kuechenmaschine-hup.de\/hofer\/impressum#breadcrumb","itemListElement":[{"@type":"ListItem","position":1,"name":"Startseite","item":"https:\/\/hofer.kuechenmaschine-hup.de\/hofer"},{"@type":"ListItem","position":2,"name":"Impressum"}]},{"@type":"WebSite","@id":"https:\/\/hofer.kuechenmaschine-hup.de\/hofer\/#website","url":"https:\/\/hofer.kuechenmaschine-hup.de\/hofer\/","name":"Hofer","description":"","potentialAction":[{"@type":"SearchAction","target":{"@type":"EntryPoint","urlTemplate":"https:\/\/hofer.kuechenmaschine-hup.de\/hofer\/?s={search_term_string}"},"query-input":"required name=search_term_string"}],"inLanguage":"de"}]}},"_links":{"self":[{"href":"https:\/\/hofer.kuechenmaschine-hup.de\/hofer\/wp-json\/wp\/v2\/pages\/1193"}],"collection":[{"href":"https:\/\/hofer.kuechenmaschine-hup.de\/hofer\/wp-json\/wp\/v2\/pages"}],"about":[{"href":"https:\/\/hofer.kuechenmaschine-hup.de\/hofer\/wp-json\/wp\/v2\/types\/page"}],"author":[{"embeddable":true,"href":"https:\/\/hofer.kuechenmaschine-hup.de\/hofer\/wp-json\/wp\/v2\/users\/1"}],"replies":[{"embeddable":true,"href":"https:\/\/hofer.kuechenmaschine-hup.de\/hofer\/wp-json\/wp\/v2\/comments?post=1193"}],"version-history":[{"count":2,"href":"https:\/\/hofer.kuechenmaschine-hup.de\/hofer\/wp-json\/wp\/v2\/pages\/1193\/revisions"}],"predecessor-version":[{"id":1233,"href":"https:\/\/hofer.kuechenmaschine-hup.de\/hofer\/wp-json\/wp\/v2\/pages\/1193\/revisions\/1233"}],"wp:attachment":[{"href":"https:\/\/hofer.kuechenmaschine-hup.de\/hofer\/wp-json\/wp\/v2\/media?parent=1193"}],"curies":[{"name":"wp","href":"https:\/\/api.w.org\/{rel}","templated":true}]}}