{"id":1293,"date":"2018-08-15T18:01:23","date_gmt":"2018-08-15T16:01:23","guid":{"rendered":"http:\/\/hoferkuechenmaschine-hup.lake-style.de\/hofer\/datenschutzhinweise"},"modified":"2018-09-26T13:29:01","modified_gmt":"2018-09-26T11:29:01","slug":"informativa-sulla-protezione-dei-dati","status":"publish","type":"page","link":"https:\/\/hofer.kuechenmaschine-hup.de\/hofer\/it\/informativa-sulla-protezione-dei-dati","title":{"rendered":"Informativa sulla protezione dei dati"},"content":{"rendered":"\n\t\t<section  class=\"content-section    pt-30-xs pb-30-xs pt-40-md pb-40-md  no-margin  \" >\n\n\t\t\t<div class=\"row   \">\n\n\t\t\t\t[vc_column][vc_column_text]\n<h2>Informativa sulla protezione dei dati<\/h2>\n<p>Il responsabile per la protezione dei dati personali su questo sito internet \u00e8 Hans-Ulrich Petermann Beratungs- und Vertriebs GmbH &amp; Co. KG, Schlagenhofener Weg 40, 82229 Seefeld, in persona del suo amministratore delegato, signor Phillip Petermann, tel. +49 8152 9902-0, fax: +49 8152 9902-30, e-mail: &#105;&#x6e;f&#x6f;&#x40;&#104;&#x75;p&#45;&#x70;&#101;&#x74;e&#114;&#x6d;a&#x6e;n&#46;&#x64;e.<\/p>\n<p>Su questo sito non vengono raccolti n\u00e9 trattati dati personali e non vengono impiegati cookie. Tuttavia, ogni volta che visitate il nostro sito, il nostro server web elabora una serie di dati trasmessi automaticamente dal vostro browser (dati di protocollo del server o file di log). Tali dati comprendono tra l\u2019altro l\u2019indirizzo IP attribuito al vostro dispositivo, il giorno e l\u2019ora dell\u2019accesso al sito, il fuso orario, la pagina o il file effettivamente richiamati e la quantit\u00e0 di dati trasmessi. I dati raccolti vengono utilizzati dal server web per ottimizzare la visualizzazione dei contenuti del sito sul vostro dispositivo e sono inoltre impiegati esclusivamente ai fini della sicurezza del sistema e per scopi amministrativi (art. 6 par. 1 lett. f del GDPR). Non \u00e8 previsto, n\u00e9 per legge n\u00e9 contrattualmente, il trattamento dei dati. Tuttavia, senza la raccolta di questi dati, la fruizione del nostro sito risulterebbe impossibile o molto limitata. I file di log (compreso il vostro indirizzo IP) vengono trattati esclusivamente in modo anonimo e si cancellano automaticamente entro 30 giorni.<br \/>\nAvete il diritto di ottenere la conferma da parte nostra se sia in corso un trattamento di dati personali che vi riguardano e il diritto di essere informati sui dati personali trattati. Avete inoltre il diritto alla rettifica, alla cancellazione e alla limitazione del trattamento, nonch\u00e9 il diritto di opporvi in qualsiasi momento al trattamento dei vostri dati personali, di revocare il consenso al trattamento e di richiedere la portabilit\u00e0 dei dati. Qualsiasi richiesta di informazioni, accesso, revoca od opposizione al trattamento dei dati personali va indirizzata per e-mail ai recapiti indicati nella sezione Crediti. Infine, in caso di violazione della privacy, avete il diritto di presentare reclamo presso le autorit\u00e0 di vigilanza.[\/vc_column_text][\/vc_column]\n\t\t\t<\/div>\n\n\t\t\t\n\t\t\t\n\t\t\t\n\t\t\t\n\t\t<\/section>\n\n\t\n","protected":false},"excerpt":{"rendered":"[vc_column][vc_column_text] Informativa sulla protezione dei dati Il responsabile per la protezione dei dati personali su questo sito internet \u00e8 Hans-Ulrich Petermann Beratungs- und Vertriebs GmbH &amp; Co. KG, Schlagenhofener Weg 40, 82229 Seefeld, in persona del suo amministratore delegato, signor Phillip Petermann, tel. +49 8152 9902-0, fax: +49 8152 9902-30, <a class=\"moretag\" href=\"https:\/\/hofer.kuechenmaschine-hup.de\/hofer\/it\/informativa-sulla-protezione-dei-dati\">read more...<\/a>","protected":false},"author":1,"featured_media":0,"parent":0,"menu_order":15,"comment_status":"closed","ping_status":"closed","template":"","meta":[],"acf":[],"yoast_head":"<!-- This site is optimized with the Yoast SEO plugin v19.9 - https:\/\/yoast.com\/wordpress\/plugins\/seo\/ -->\n<title>Informativa sulla protezione dei dati - Hofer<\/title>\n<meta name=\"robots\" content=\"index, follow, max-snippet:-1, max-image-preview:large, max-video-preview:-1\" \/>\n<link rel=\"canonical\" href=\"http:\/\/hofer.kuechenmaschine-hup.de\/hofer\/it\/informativa-sulla-protezione-dei-dati\" \/>\n<meta property=\"og:locale\" content=\"it_IT\" \/>\n<meta property=\"og:type\" content=\"article\" \/>\n<meta property=\"og:title\" content=\"Informativa sulla protezione dei dati - Hofer\" \/>\n<meta property=\"og:url\" content=\"http:\/\/hofer.kuechenmaschine-hup.de\/hofer\/it\/informativa-sulla-protezione-dei-dati\" \/>\n<meta property=\"og:site_name\" content=\"Hofer\" \/>\n<meta property=\"article:modified_time\" content=\"2018-09-26T11:29:01+00:00\" \/>\n<meta name=\"twitter:card\" content=\"summary_large_image\" \/>\n<meta name=\"twitter:label1\" content=\"Tempo di lettura stimato\" \/>\n\t<meta name=\"twitter:data1\" content=\"2 minuti\" \/>\n<script type=\"application\/ld+json\" class=\"yoast-schema-graph\">{\"@context\":\"https:\/\/schema.org\",\"@graph\":[{\"@type\":\"WebPage\",\"@id\":\"http:\/\/hofer.kuechenmaschine-hup.de\/hofer\/it\/informativa-sulla-protezione-dei-dati\",\"url\":\"http:\/\/hofer.kuechenmaschine-hup.de\/hofer\/it\/informativa-sulla-protezione-dei-dati\",\"name\":\"Informativa sulla protezione dei dati - Hofer\",\"isPartOf\":{\"@id\":\"https:\/\/hofer.kuechenmaschine-hup.de\/hofer\/#website\"},\"datePublished\":\"2018-08-15T16:01:23+00:00\",\"dateModified\":\"2018-09-26T11:29:01+00:00\",\"breadcrumb\":{\"@id\":\"http:\/\/hofer.kuechenmaschine-hup.de\/hofer\/it\/informativa-sulla-protezione-dei-dati#breadcrumb\"},\"inLanguage\":\"it-IT\",\"potentialAction\":[{\"@type\":\"ReadAction\",\"target\":[\"http:\/\/hofer.kuechenmaschine-hup.de\/hofer\/it\/informativa-sulla-protezione-dei-dati\"]}]},{\"@type\":\"BreadcrumbList\",\"@id\":\"http:\/\/hofer.kuechenmaschine-hup.de\/hofer\/it\/informativa-sulla-protezione-dei-dati#breadcrumb\",\"itemListElement\":[{\"@type\":\"ListItem\",\"position\":1,\"name\":\"Startseite\",\"item\":\"https:\/\/hofer.kuechenmaschine-hup.de\/hofer\/it\"},{\"@type\":\"ListItem\",\"position\":2,\"name\":\"Informativa sulla protezione dei dati\"}]},{\"@type\":\"WebSite\",\"@id\":\"https:\/\/hofer.kuechenmaschine-hup.de\/hofer\/#website\",\"url\":\"https:\/\/hofer.kuechenmaschine-hup.de\/hofer\/\",\"name\":\"Hofer\",\"description\":\"\",\"potentialAction\":[{\"@type\":\"SearchAction\",\"target\":{\"@type\":\"EntryPoint\",\"urlTemplate\":\"https:\/\/hofer.kuechenmaschine-hup.de\/hofer\/?s={search_term_string}\"},\"query-input\":\"required name=search_term_string\"}],\"inLanguage\":\"it-IT\"}]}<\/script>\n<!-- \/ Yoast SEO plugin. -->","yoast_head_json":{"title":"Informativa sulla protezione dei dati - Hofer","robots":{"index":"index","follow":"follow","max-snippet":"max-snippet:-1","max-image-preview":"max-image-preview:large","max-video-preview":"max-video-preview:-1"},"canonical":"http:\/\/hofer.kuechenmaschine-hup.de\/hofer\/it\/informativa-sulla-protezione-dei-dati","og_locale":"it_IT","og_type":"article","og_title":"Informativa sulla protezione dei dati - Hofer","og_url":"http:\/\/hofer.kuechenmaschine-hup.de\/hofer\/it\/informativa-sulla-protezione-dei-dati","og_site_name":"Hofer","article_modified_time":"2018-09-26T11:29:01+00:00","twitter_card":"summary_large_image","twitter_misc":{"Tempo di lettura stimato":"2 minuti"},"schema":{"@context":"https:\/\/schema.org","@graph":[{"@type":"WebPage","@id":"http:\/\/hofer.kuechenmaschine-hup.de\/hofer\/it\/informativa-sulla-protezione-dei-dati","url":"http:\/\/hofer.kuechenmaschine-hup.de\/hofer\/it\/informativa-sulla-protezione-dei-dati","name":"Informativa sulla protezione dei dati - Hofer","isPartOf":{"@id":"https:\/\/hofer.kuechenmaschine-hup.de\/hofer\/#website"},"datePublished":"2018-08-15T16:01:23+00:00","dateModified":"2018-09-26T11:29:01+00:00","breadcrumb":{"@id":"http:\/\/hofer.kuechenmaschine-hup.de\/hofer\/it\/informativa-sulla-protezione-dei-dati#breadcrumb"},"inLanguage":"it-IT","potentialAction":[{"@type":"ReadAction","target":["http:\/\/hofer.kuechenmaschine-hup.de\/hofer\/it\/informativa-sulla-protezione-dei-dati"]}]},{"@type":"BreadcrumbList","@id":"http:\/\/hofer.kuechenmaschine-hup.de\/hofer\/it\/informativa-sulla-protezione-dei-dati#breadcrumb","itemListElement":[{"@type":"ListItem","position":1,"name":"Startseite","item":"https:\/\/hofer.kuechenmaschine-hup.de\/hofer\/it"},{"@type":"ListItem","position":2,"name":"Informativa sulla protezione dei dati"}]},{"@type":"WebSite","@id":"https:\/\/hofer.kuechenmaschine-hup.de\/hofer\/#website","url":"https:\/\/hofer.kuechenmaschine-hup.de\/hofer\/","name":"Hofer","description":"","potentialAction":[{"@type":"SearchAction","target":{"@type":"EntryPoint","urlTemplate":"https:\/\/hofer.kuechenmaschine-hup.de\/hofer\/?s={search_term_string}"},"query-input":"required name=search_term_string"}],"inLanguage":"it-IT"}]}},"_links":{"self":[{"href":"https:\/\/hofer.kuechenmaschine-hup.de\/hofer\/it\/wp-json\/wp\/v2\/pages\/1293"}],"collection":[{"href":"https:\/\/hofer.kuechenmaschine-hup.de\/hofer\/it\/wp-json\/wp\/v2\/pages"}],"about":[{"href":"https:\/\/hofer.kuechenmaschine-hup.de\/hofer\/it\/wp-json\/wp\/v2\/types\/page"}],"author":[{"embeddable":true,"href":"https:\/\/hofer.kuechenmaschine-hup.de\/hofer\/it\/wp-json\/wp\/v2\/users\/1"}],"replies":[{"embeddable":true,"href":"https:\/\/hofer.kuechenmaschine-hup.de\/hofer\/it\/wp-json\/wp\/v2\/comments?post=1293"}],"version-history":[{"count":2,"href":"https:\/\/hofer.kuechenmaschine-hup.de\/hofer\/it\/wp-json\/wp\/v2\/pages\/1293\/revisions"}],"predecessor-version":[{"id":1297,"href":"https:\/\/hofer.kuechenmaschine-hup.de\/hofer\/it\/wp-json\/wp\/v2\/pages\/1293\/revisions\/1297"}],"wp:attachment":[{"href":"https:\/\/hofer.kuechenmaschine-hup.de\/hofer\/it\/wp-json\/wp\/v2\/media?parent=1293"}],"curies":[{"name":"wp","href":"https:\/\/api.w.org\/{rel}","templated":true}]}}