{"id":1273,"date":"2017-07-19T08:43:37","date_gmt":"2017-07-19T06:43:37","guid":{"rendered":"http:\/\/hoferkuechenmaschine-hup.lake-style.de\/hofer\/beispiel-seite"},"modified":"2020-08-17T12:47:38","modified_gmt":"2020-08-17T10:47:38","slug":"beispiel-seite","status":"publish","type":"page","link":"https:\/\/hofer.kuechenmaschine-hup.de\/hofer\/it","title":{"rendered":"Home"},"content":{"rendered":"<section class=\"wpb-content-wrapper\">\n\t\t<section  class=\"content-section    pt-30-xs pb-30-xs pt-40-md pb-40-md  no-margin  \" >\n\n\t\t\t<div class=\"row   \">\n\n\t\t\t\t[vc_column][vc_column_text]\n<h2 class=\"ls-no-margin-bottom fw-semibold\">Robot da cucina con funzione Wi-Fi<\/h2>\n<h3>Apparecchio controllabile tramite App via smartphone\/tablet &#8211; App con 200 ricette<\/h3>\n[\/vc_column_text][\/vc_column]\n\t\t\t<\/div>\n\n\t\t\t\n\t\t\t\n\t\t\t\n\t\t\t\n\t\t<\/section>\n\n\t\n\t\t<section  class=\"content-section      no-margin  \" >\n\n\t\t\t<div class=\"row   \">\n\n\t\t\t\t[vc_column][ls_vc_slider_image vc_images=&#8221;1166,1167,1165,1164,1163&#8243;][\/vc_column]\n\t\t\t<\/div>\n\n\t\t\t\n\t\t\t\n\t\t\t\n\t\t\t\n\t\t<\/section>\n\n\t\n\t\t<section  class=\"content-section    pt-40-xs pt-50-md pt-70-lg  no-margin  \" >\n\n\t\t\t<div class=\"row   \">\n\n\t\t\t\t[vc_column vc_align_elements=&#8221;ls-text-center-xs&#8221; offset=&#8221;vc_col-md-offset-2 vc_col-md-8&#8243;][vc_column_text]\n<p><strong>Qui \u00e8 possibile scaricare l\u2019App per iOS o Android:<\/strong><\/p>\n[\/vc_column_text][vc_row_inner][vc_column_inner width=&#8221;1\/2&#8243; vc_align_elements=&#8221;ls-text-center-xs&#8221;][vc_column_text]<a href=\"https:\/\/play.google.com\/store\/apps\/details?id=com.hup.km2017wi\" rel=\"external\"><img loading=\"lazy\" width=\"300\" height=\"89\" class=\"alignnone size-medium wp-image-1311\" src=\"http:\/\/hofer.kuechenmaschine-hup.de\/hofer\/wp-content\/uploads\/2018\/09\/google-play-badge-it-300x89.png\" alt=\"\" \/><\/a>[\/vc_column_text][\/vc_column_inner][vc_column_inner width=&#8221;1\/2&#8243; vc_align_elements=&#8221;ls-text-center-xs&#8221;][vc_column_text]<a href=\"https:\/\/itunes.apple.com\/de\/app\/k\u00fcchenmaschine-mit-kochfunktion-km2017wi\/id1240268395?mt=8\" rel=\"external\"><img loading=\"lazy\" width=\"300\" height=\"89\" class=\"alignnone size-medium wp-image-1309\" src=\"http:\/\/hofer.kuechenmaschine-hup.de\/hofer\/wp-content\/uploads\/2018\/09\/download-on-the-app-store-en-300x89.png\" alt=\"\" \/><\/a>[\/vc_column_text][\/vc_column_inner][\/vc_row_inner][vc_column_text]\n<p><a href=\"https:\/\/www.kuechenmaschine-hup.de\/app-informationen.html\" target=\"_blank\" rel=\"noopener noreferrer\">Informazioni sull\u2019App<br \/>\n<\/a><\/p>\n<p><a href=\"https:\/\/www.kuechenmaschine-hup.de\/datenschutzerklaerungen-app.html\" target=\"_blank\" rel=\"noopener noreferrer\">Informativa sulla protezione dei dati &#8211; App<\/a><\/p>\n[\/vc_column_text][\/vc_column]\n\t\t\t<\/div>\n\n\t\t\t\n\t\t\t\n\t\t\t\n\t\t\t\n\t\t<\/section>\n\n\t\n\t\t<section  id=\"video\" class=\"content-section    pt-40-xs pb-40-xs pt-50-md pb-50-md pt-70-lg pb-70-lg  no-margin  \" >\n\n\t\t\t<div class=\"row   \">\n\n\t\t\t\t[vc_column][ls_vc_seperator_anchor vc_title=&#8221;Video del prodotto&#8221;][ls_vc_spacer vc_height=&#8221;0&#8243;][ls_vc_html5video vc_file_videoposter=&#8221;1386&#8243; vc_file_mp4=&#8221;1388&#8243; vc_file_webm=&#8221;1390&#8243; vc_html5video_controls=&#8221;yes&#8221;][\/vc_column]\n\t\t\t<\/div>\n\n\t\t\t\n\t\t\t\n\t\t\t\n\t\t\t\n\t\t<\/section>\n\n\t\n\t\t<section  id=\"infos\" class=\"content-section    pb-40-xs pb-50-md pb-70-lg  no-margin  \" >\n\n\t\t\t<div class=\"row   \">\n\n\t\t\t\t[vc_column][ls_vc_seperator_anchor vc_title=&#8221;Altre informazioni&#8221;][ls_vc_spacer vc_height=&#8221;0&#8243;]\n\t\t<div class=\"ls-vc-accordion wpb_content_element\">\n\n\t       \t<div class=\"accordion-container js-accordion-container\" id=\"mehrinfos\">\n\n\t       \t\t<h4>Caratteristiche prestazionali<\/h4><div class=\"entry-content\">\n<ul>\n<li>Funzione di cottura<\/li>\n<li>Recipiente in acciaio inox<\/li>\n<li>Accessorio cottura a vapore<\/li>\n<li>Bilancia integrata<\/li>\n<li>Programmi preinstallati<\/li>\n<li>Ricettario<\/li>\n<li>DVD<\/li>\n<li>App con 200 ricette in ogni apparecchio controllabile anche via smartphone\/tablet<\/li>\n<li>Recipiente in acciaio inox \u201cfacile da pulire\u201d (dal modello dell\u2019autunno 2020 lavabile a mano)<\/li>\n<\/ul>\n<\/div><h4>Propriet\u00e0 tecniche<\/h4><div class=\"entry-content\">\n<ul>\n<li>Potenza 1200 watt<\/li>\n<li>Motore: ca. 800 watt<\/li>\n<li>Doppio blocco di sicurezza, l\u2019apparecchio pu\u00f2 infatti essere messo in funzione solo con recipiente e coperchio correttamente applicati<\/li>\n<li>Recipiente di miscelazione con una capacit\u00e0 di circa 2,2 litri e gruppo lame facilmente rimovibile (per una semplice pulizia)<\/li>\n<li>Funzioni:\n<ul>\n<li>Wi-Fi &gt; apparecchio controllabile tramite App via smartphone\/tablet\n<ul>\n<li>App con 200 ricette<\/li>\n<li>Per le ricette memorizzate sono programmate a priori tutte le impostazioni necessarie.<\/li>\n<li>La sequenza di preparazione pu\u00f2 essere eseguita passo passo dal dispositivo mobile.<\/li>\n<li>Con l\u2019App \u00e8 anche possibile inserire impostazioni personalizzate e creare ricette personali.<\/li>\n<\/ul>\n<\/li>\n<li>11 livelli di velocit\u00e0 nella rotazione destra incl. livello di mescolamento per la preparazione delicata<\/li>\n<li>Rotazione sinistra: 3 livelli di velocit\u00e0 per possibilit\u00e0 di preparazione ancora pi\u00f9 personalizzate (ad es. impastare, mescolare, ecc.)<\/li>\n<li>Funzione turbo<\/li>\n<li>Funzione di riscaldamento attivabile (da ca. 30 \u00b0C fino a ca. 120 \u00b0C)<\/li>\n<li>Incl. programmi predefiniti per cottura a vapore, marmellata, impastare e brodo<\/li>\n<\/ul>\n<\/li>\n<li>Timer (da 1 secondo fino 99 minuti)<\/li>\n<li>Bilancia integrata con intervallo di pesatura da 1 g a 5.000 g<\/li>\n<li>Il display illuminato mostra la temperatura, la velocit\u00e0, il tempo, il peso, ecc.<\/li>\n<\/ul>\n<\/div><h4>Possibilit\u00e0 di utilizzo<\/h4><div class=\"entry-content\">\n<ul>\n<li>Mescolare\/impastare \u2013 diversi impasti<\/li>\n<li>Miscelare \u2013 milk shake, condimenti, cocktail<\/li>\n<li>Cuocere \u2013 minestre e zuppe, salse, stufati, marmellate<\/li>\n<li>Cottura a vapore \u2013 verdura, pesce<\/li>\n<li>Emulsionare \u2013 maionese, creme, salsa olandese<\/li>\n<li>Tritare \u2013 erbe, noci, pesti<\/li>\n<li>Frullare \u2013 verdura, carne, alimenti per l\u2019infanzia<\/li>\n<li>Montare &#8211; panna, albumi a neve<\/li>\n<li>Pesare \u2013 direttamente sull\u2019apparecchio<\/li>\n<\/ul>\n<p>e molto altro!<\/div>\n\t       \t<\/div><!-- end \/.accordion-container -->\n\n\t\t<\/div><!-- end \/.ls-vc-accordion -->\n\n\t   \t[\/vc_column]\n\t\t\t<\/div>\n\n\t\t\t\n\t\t\t\n\t\t\t\n\t\t\t\n\t\t<\/section>\n\n\t\n\t\t<section  id=\"downloads\" class=\"content-section      no-margin  \" >\n\n\t\t\t<div class=\"row   \">\n\n\t\t\t\t[vc_column][ls_vc_seperator_anchor vc_title=&#8221;Download &amp; eBook&#8221;][ls_vc_spacer vc_height=&#8221;0&#8243;]\n\t\t<div class=\"ls-vc-accordion wpb_content_element\">\n\n\t       \t<div class=\"accordion-container js-accordion-container\" >\n\n\t       \t\t<h4>Istruzioni per l\u2019uso robot da cucina<\/h4><div class=\"entry-content\">\n<ul>\n<li><a class=\"popup-iframe\" href=\"http:\/\/hofer.kuechenmaschine-hup.de\/hofer\/2020\/it\/istruzioni\">Visualizza ePaper<\/a><\/li>\n<li><a href=\"http:\/\/hofer.kuechenmaschine-hup.de\/hofer\/wp-content\/uploads\/2020\/08\/istruzioni.pdf\" target=\"_blank\" rel=\"noopener noreferrer\">Visualizza PDF<\/a><\/li>\n<\/ul>\n<\/div><h4>Ricettario<\/h4><div class=\"entry-content\">\n<ul>\n<li><a class=\"popup-iframe\" href=\"http:\/\/hofer.kuechenmaschine-hup.de\/hofer\/2020\/it\/ricettario\">Visualizza ePaper<\/a><\/li>\n<li><a href=\"http:\/\/hofer.kuechenmaschine-hup.de\/hofer\/wp-content\/uploads\/2020\/08\/ricettario.pdf\" target=\"_blank\" rel=\"noopener noreferrer\">Visualizza PDF<\/a><\/li>\n<\/ul>\n<\/div><h4>Istruzioni per l\u2019uso App<\/h4><div class=\"entry-content\">\n<ul>\n<li><a class=\"popup-iframe\" title=\"Bedienungsanleitung App\" href=\"http:\/\/hofer.kuechenmaschine-hup.de\/hofer\/2020\/it\/istruzioni_app\">Visualizza ePaper<\/a><\/li>\n<li><a href=\"http:\/\/hofer.kuechenmaschine-hup.de\/hofer\/wp-content\/uploads\/2020\/08\/istruzioni_app.pdf\" target=\"_blank\" rel=\"noopener noreferrer\">Visualizza PDF<\/a><\/li>\n<\/ul>\n<\/div><h4>Dichiarazione di conformit\u00e0 UE<\/h4><div class=\"entry-content\">\n<ul>\n<li><a href=\"http:\/\/hofer.kuechenmaschine-hup.de\/hofer\/wp-content\/uploads\/2020\/08\/2020_08_07_KM-2017Wi_CE_KE_IT.pdf\" target=\"_blank\" rel=\"noopener noreferrer\">Visualizza PDF<\/a><\/li>\n<\/ul>\n<\/div>\n\t       \t<\/div><!-- end \/.accordion-container -->\n\n\t\t<\/div><!-- end \/.ls-vc-accordion -->\n\n\t   \t[\/vc_column]\n\t\t\t<\/div>\n\n\t\t\t\n\t\t\t\n\t\t\t\n\t\t\t\n\t\t<\/section>\n\n\t\n\t\t<section  class=\"content-section    pt-30-xs pb-30-xs pt-40-md pb-40-md  no-margin  \" >\n\n\t\t\t<div class=\"row   \">\n\n\t\t\t\t[vc_column][vc_column_text]\u201eGoogle, Google Play, Android&#x2122; e altri marchi sono marchi di Google Inc.\u201c[\/vc_column_text][\/vc_column]\n\t\t\t<\/div>\n\n\t\t\t\n\t\t\t\n\t\t\t\n\t\t\t\n\t\t<\/section>\n\n\t\n<\/section>","protected":false},"excerpt":{"rendered":"[vc_column][vc_column_text] Robot da cucina con funzione Wi-Fi Apparecchio controllabile tramite App via smartphone\/tablet - App con 200 ricette [\/vc_column_text][\/vc_column] [vc_column][ls_vc_slider_image vc_images=\"1166,1167,1165,1164,1163\"][\/vc_column] [vc_column vc_align_elements=\"ls-text-center-xs\" offset=\"vc_col-md-offset-2 vc_col-md-8\"][vc_column_text] Qui \u00e8 possibile scaricare l\u2019App per iOS o Android: [\/vc_column_text][vc_row_inner][vc_column_inner width=\"1\/2\" vc_align_elements=\"ls-text-center-xs\"][vc_column_text][\/vc_column_text][\/vc_column_inner][vc_column_inner width=\"1\/2\" vc_align_elements=\"ls-text-center-xs\"][vc_column_text][\/vc_column_text][\/vc_column_inner][\/vc_row_inner][vc_column_text] Informazioni sull\u2019App Informativa sulla protezione dei dati - App [\/vc_column_text][\/vc_column] [vc_column][ls_vc_seperator_anchor <a class=\"moretag\" href=\"https:\/\/hofer.kuechenmaschine-hup.de\/hofer\/it\">read more...<\/a>","protected":false},"author":1,"featured_media":0,"parent":0,"menu_order":9,"comment_status":"closed","ping_status":"closed","template":"","meta":[],"acf":[],"yoast_head":"<!-- This site is optimized with the Yoast SEO plugin v19.9 - https:\/\/yoast.com\/wordpress\/plugins\/seo\/ -->\n<title>Home - Hofer<\/title>\n<meta name=\"robots\" content=\"index, follow, max-snippet:-1, max-image-preview:large, max-video-preview:-1\" \/>\n<link rel=\"canonical\" href=\"https:\/\/hofer.kuechenmaschine-hup.de\/hofer\/it\" \/>\n<meta property=\"og:locale\" content=\"it_IT\" \/>\n<meta property=\"og:type\" content=\"article\" \/>\n<meta property=\"og:title\" content=\"Home - Hofer\" \/>\n<meta property=\"og:url\" content=\"https:\/\/hofer.kuechenmaschine-hup.de\/hofer\/it\" \/>\n<meta property=\"og:site_name\" content=\"Hofer\" \/>\n<meta property=\"article:modified_time\" content=\"2020-08-17T10:47:38+00:00\" \/>\n<meta property=\"og:image\" content=\"http:\/\/hofer.kuechenmaschine-hup.de\/hofer\/wp-content\/uploads\/2018\/09\/google-play-badge-it-300x89.png\" \/>\n<meta name=\"twitter:card\" content=\"summary_large_image\" \/>\n<meta name=\"twitter:label1\" content=\"Tempo di lettura stimato\" \/>\n\t<meta name=\"twitter:data1\" content=\"4 minuti\" \/>\n<script type=\"application\/ld+json\" class=\"yoast-schema-graph\">{\"@context\":\"https:\/\/schema.org\",\"@graph\":[{\"@type\":\"WebPage\",\"@id\":\"https:\/\/hofer.kuechenmaschine-hup.de\/hofer\/it\",\"url\":\"https:\/\/hofer.kuechenmaschine-hup.de\/hofer\/it\",\"name\":\"Home - Hofer\",\"isPartOf\":{\"@id\":\"https:\/\/hofer.kuechenmaschine-hup.de\/hofer\/#website\"},\"datePublished\":\"2017-07-19T06:43:37+00:00\",\"dateModified\":\"2020-08-17T10:47:38+00:00\",\"breadcrumb\":{\"@id\":\"https:\/\/hofer.kuechenmaschine-hup.de\/hofer\/it#breadcrumb\"},\"inLanguage\":\"it-IT\",\"potentialAction\":[{\"@type\":\"ReadAction\",\"target\":[\"https:\/\/hofer.kuechenmaschine-hup.de\/hofer\/it\"]}]},{\"@type\":\"BreadcrumbList\",\"@id\":\"https:\/\/hofer.kuechenmaschine-hup.de\/hofer\/it#breadcrumb\",\"itemListElement\":[{\"@type\":\"ListItem\",\"position\":1,\"name\":\"Startseite\",\"item\":\"https:\/\/hofer.kuechenmaschine-hup.de\/hofer\/it\"},{\"@type\":\"ListItem\",\"position\":2,\"name\":\"Home\"}]},{\"@type\":\"WebSite\",\"@id\":\"https:\/\/hofer.kuechenmaschine-hup.de\/hofer\/#website\",\"url\":\"https:\/\/hofer.kuechenmaschine-hup.de\/hofer\/\",\"name\":\"Hofer\",\"description\":\"\",\"potentialAction\":[{\"@type\":\"SearchAction\",\"target\":{\"@type\":\"EntryPoint\",\"urlTemplate\":\"https:\/\/hofer.kuechenmaschine-hup.de\/hofer\/?s={search_term_string}\"},\"query-input\":\"required name=search_term_string\"}],\"inLanguage\":\"it-IT\"}]}<\/script>\n<!-- \/ Yoast SEO plugin. -->","yoast_head_json":{"title":"Home - Hofer","robots":{"index":"index","follow":"follow","max-snippet":"max-snippet:-1","max-image-preview":"max-image-preview:large","max-video-preview":"max-video-preview:-1"},"canonical":"https:\/\/hofer.kuechenmaschine-hup.de\/hofer\/it","og_locale":"it_IT","og_type":"article","og_title":"Home - Hofer","og_url":"https:\/\/hofer.kuechenmaschine-hup.de\/hofer\/it","og_site_name":"Hofer","article_modified_time":"2020-08-17T10:47:38+00:00","og_image":[{"url":"http:\/\/hofer.kuechenmaschine-hup.de\/hofer\/wp-content\/uploads\/2018\/09\/google-play-badge-it-300x89.png"}],"twitter_card":"summary_large_image","twitter_misc":{"Tempo di lettura stimato":"4 minuti"},"schema":{"@context":"https:\/\/schema.org","@graph":[{"@type":"WebPage","@id":"https:\/\/hofer.kuechenmaschine-hup.de\/hofer\/it","url":"https:\/\/hofer.kuechenmaschine-hup.de\/hofer\/it","name":"Home - Hofer","isPartOf":{"@id":"https:\/\/hofer.kuechenmaschine-hup.de\/hofer\/#website"},"datePublished":"2017-07-19T06:43:37+00:00","dateModified":"2020-08-17T10:47:38+00:00","breadcrumb":{"@id":"https:\/\/hofer.kuechenmaschine-hup.de\/hofer\/it#breadcrumb"},"inLanguage":"it-IT","potentialAction":[{"@type":"ReadAction","target":["https:\/\/hofer.kuechenmaschine-hup.de\/hofer\/it"]}]},{"@type":"BreadcrumbList","@id":"https:\/\/hofer.kuechenmaschine-hup.de\/hofer\/it#breadcrumb","itemListElement":[{"@type":"ListItem","position":1,"name":"Startseite","item":"https:\/\/hofer.kuechenmaschine-hup.de\/hofer\/it"},{"@type":"ListItem","position":2,"name":"Home"}]},{"@type":"WebSite","@id":"https:\/\/hofer.kuechenmaschine-hup.de\/hofer\/#website","url":"https:\/\/hofer.kuechenmaschine-hup.de\/hofer\/","name":"Hofer","description":"","potentialAction":[{"@type":"SearchAction","target":{"@type":"EntryPoint","urlTemplate":"https:\/\/hofer.kuechenmaschine-hup.de\/hofer\/?s={search_term_string}"},"query-input":"required name=search_term_string"}],"inLanguage":"it-IT"}]}},"_links":{"self":[{"href":"https:\/\/hofer.kuechenmaschine-hup.de\/hofer\/it\/wp-json\/wp\/v2\/pages\/1273"}],"collection":[{"href":"https:\/\/hofer.kuechenmaschine-hup.de\/hofer\/it\/wp-json\/wp\/v2\/pages"}],"about":[{"href":"https:\/\/hofer.kuechenmaschine-hup.de\/hofer\/it\/wp-json\/wp\/v2\/types\/page"}],"author":[{"embeddable":true,"href":"https:\/\/hofer.kuechenmaschine-hup.de\/hofer\/it\/wp-json\/wp\/v2\/users\/1"}],"replies":[{"embeddable":true,"href":"https:\/\/hofer.kuechenmaschine-hup.de\/hofer\/it\/wp-json\/wp\/v2\/comments?post=1273"}],"version-history":[{"count":20,"href":"https:\/\/hofer.kuechenmaschine-hup.de\/hofer\/it\/wp-json\/wp\/v2\/pages\/1273\/revisions"}],"predecessor-version":[{"id":1402,"href":"https:\/\/hofer.kuechenmaschine-hup.de\/hofer\/it\/wp-json\/wp\/v2\/pages\/1273\/revisions\/1402"}],"wp:attachment":[{"href":"https:\/\/hofer.kuechenmaschine-hup.de\/hofer\/it\/wp-json\/wp\/v2\/media?parent=1273"}],"curies":[{"name":"wp","href":"https:\/\/api.w.org\/{rel}","templated":true}]}}